{"id":96,"date":"2018-04-02T01:46:47","date_gmt":"2018-04-01T22:46:47","guid":{"rendered":"http:\/\/www.aaronnommaz.com\/?page_id=96"},"modified":"2018-05-30T10:57:20","modified_gmt":"2018-05-30T07:57:20","slug":"kanuninin-yahudi-bankeri-dona-gracia","status":"publish","type":"page","link":"http:\/\/www.aaronnommaz.com\/tr\/kitaplar\/kanuninin-yahudi-bankeri-dona-gracia\/","title":{"rendered":"Dona Gracia &#8211; Kanuninin Yahudi Bankeri"},"content":{"rendered":"<p>[vc_row css=&#8221;.vc_custom_1527508573556{margin-top: 75px !important;}&#8221;][vc_column width=&#8221;1\/2&#8243;][vc_single_image image=&#8221;44&#8243; img_size=&#8221;large&#8221;][\/vc_column][vc_column width=&#8221;1\/2&#8243;][vc_column_text]<\/p>\n<h1 style=\"margin: 0;\">Kanuninin Yahudi Bankeri &#8211; Dona Gracia<\/h1>\n<h4 style=\"color: #e61638; margin: 0;\">Destek Yay\u0131nlar\u0131<\/h4>\n<p>[\/vc_column_text][vc_column_text]<em>&#8220;Hususi birtak\u0131m \u015fartlar Avrupa Yahudileri ile Osmanl\u0131lar\u0131, Ha\u00e7l\u0131 H\u0131ristiyan Avrupa kar\u015f\u0131s\u0131nda bir nevi dayan\u0131\u015fma ve i\u015fbirli\u011fine sevk etti. As\u0131rlard\u0131r birlikte var olmak suretiyle i\u00e7 i\u00e7e ge\u00e7mi\u015f ortak tecr\u00fcbeler ve olumlu hat\u0131ralar T\u00fcrklerle Yahudileri bir aile yapm\u0131\u015ft\u0131r.&#8221;<\/em><\/p>\n<p style=\"text-align: right;\"><strong>-Halil \u0130nalc\u0131k-<\/strong><\/p>\n<p>[\/vc_column_text][vc_column_text]<\/p>\n<h3 style=\"color: #909aae; margin: 0; font-weight: 400; line-height: 1.3;\">Papa&#8217;dan \u015earlken&#8217;e, I. Fran\u00e7ois&#8217;dan Portekiz ve \u0130spanya krallar\u0131na, Macar krali\u00e7esinden Medici&#8217;lere, XVI. y\u00fczy\u0131l Avrupa&#8217;s\u0131n\u0131n en b\u00fcy\u00fck g\u00fc\u00e7 odaklar\u0131n\u0131n dize getiremedi\u011fi, d\u00fcnyan\u0131n en zengin kad\u0131n\u0131 Dona Gracia&#8217;n\u0131n muhte\u015fem hik\u00e2yesi.<\/h3>\n<p>[\/vc_column_text][vc_column_text]-Bu g\u00fc\u00e7 odaklar\u0131ndan can\u0131n\u0131 ve servetini nas\u0131l kurtard\u0131?<br \/>\n-Avrupa&#8217;n\u0131n her yan\u0131ndaki sinagoglar\u0131 nas\u0131l birer istihbarat merkezi haline getirdi?<br \/>\n-Bu istihbarat\u0131 sundu\u011fu Kanuni&#8217;nin eli, Avrupa kar\u015f\u0131s\u0131nda nas\u0131l g\u00fc\u00e7lendi?<br \/>\n-Kanuni, Dona Gracia&#8217;y\u0131 neden \u0131srarla Osmanl\u0131 topraklar\u0131na davet etti?<br \/>\n-Sarayda nas\u0131l ve neden vazge\u00e7ilmez oldu?<br \/>\n-H\u00fcrrem Sultan&#8217;la yak\u0131n dostlu\u011fu sayesinde elde etti\u011fi g\u00fcc\u00fc nas\u0131l kulland\u0131?<br \/>\n-Sokullu&#8217;yla giri\u015ftikleri amans\u0131z m\u00fccadele hangi sonu\u00e7lar\u0131 do\u011furdu?<br \/>\n-K\u0131br\u0131s&#8217;\u0131n fethinde Yahudi parma\u011f\u0131 var m\u0131, K\u0131br\u0131s&#8217;\u0131n fethine neden bu kadar \u00f6nem veriyordu?<br \/>\n-Osmanl\u0131&#8217;da ticaret, bankerlik ve \u00f6zel giri\u015fimin devrinin \u00e7ok ilerisinde olmas\u0131ndaki en b\u00fcy\u00fck pay Dona Gracia&#8217;n\u0131n m\u0131yd\u0131?<br \/>\n-Yahudileri kovmak, \u0130spanya ve Portekiz&#8217;e nelere mal oldu?[\/vc_column_text][vc_btn title=&#8221;HEMEN SATIN AL&#8221; style=&#8221;classic&#8221; shape=&#8221;square&#8221; color=&#8221;info&#8221; size=&#8221;lg&#8221; i_icon_fontawesome=&#8221;fa fa-credit-card&#8221; add_icon=&#8221;true&#8221; link=&#8221;url:http%3A%2F%2Fwww.dr.com.tr%2FKitap%2FKanuninin-Yahudi-Bankeri-Dona-Gracia%2FEdebiyat%2FRoman%2FDunya-Roman%2Furunno%3D0000000693025||target:%20_blank|&#8221;][vc_column_text]<strong>\u0130lk Bask\u0131 Y\u0131l\u0131 :\u00a0<\/strong>2016 \/\u00a0<strong>Sayfa Say\u0131s\u0131 :\u00a0<\/strong>424 \/\u00a0<strong>Dil :\u00a0<\/strong>T\u00fcrk\u00e7e<br \/>\n<b>ISBN:<\/b>\u00a09786053111061[\/vc_column_text][\/vc_column][\/vc_row][vc_row][vc_column][vc_zigzag][\/vc_column][\/vc_row][vc_row css=&#8221;.vc_custom_1527509946478{margin-top: 50px !important;}&#8221;][vc_column][vc_masonry_grid post_type=&#8221;post&#8221; max_items=&#8221;50&#8243; element_width=&#8221;3&#8243; gap=&#8221;20&#8243; item=&#8221;basicGrid_NoAnimation&#8221; initial_loading_animation=&#8221;fadeIn&#8221; grid_id=&#8221;vc_gid:1527665093805-bc3115e4-cf39-2&#8243; taxonomies=&#8221;29&#8243;][\/vc_column][\/vc_row]<\/p>\n","protected":false},"excerpt":{"rendered":"<p>[vc_row css=&#8221;.vc_custom_1527508573556{margin-top: 75px !important;}&#8221;][vc_column width=&#8221;1\/2&#8243;][vc_single_image image=&#8221;44&#8243; img_size=&#8221;large&#8221;][\/vc_column][vc_column width=&#8221;1\/2&#8243;][vc_column_text] Kanuninin Yahudi Bankeri &#8211; Dona Gracia Destek Yay\u0131nlar\u0131 [\/vc_column_text][vc_column_text]&#8220;Hususi birtak\u0131m \u015fartlar Avrupa Yahudileri ile Osmanl\u0131lar\u0131, Ha\u00e7l\u0131 H\u0131ristiyan Avrupa kar\u015f\u0131s\u0131nda bir nevi dayan\u0131\u015fma&#8230;<\/p>\n","protected":false},"author":1,"featured_media":0,"parent":39,"menu_order":0,"comment_status":"closed","ping_status":"closed","template":"","meta":[],"_links":{"self":[{"href":"http:\/\/www.aaronnommaz.com\/tr\/wp-json\/wp\/v2\/pages\/96"}],"collection":[{"href":"http:\/\/www.aaronnommaz.com\/tr\/wp-json\/wp\/v2\/pages"}],"about":[{"href":"http:\/\/www.aaronnommaz.com\/tr\/wp-json\/wp\/v2\/types\/page"}],"author":[{"embeddable":true,"href":"http:\/\/www.aaronnommaz.com\/tr\/wp-json\/wp\/v2\/users\/1"}],"replies":[{"embeddable":true,"href":"http:\/\/www.aaronnommaz.com\/tr\/wp-json\/wp\/v2\/comments?post=96"}],"version-history":[{"count":33,"href":"http:\/\/www.aaronnommaz.com\/tr\/wp-json\/wp\/v2\/pages\/96\/revisions"}],"predecessor-version":[{"id":607,"href":"http:\/\/www.aaronnommaz.com\/tr\/wp-json\/wp\/v2\/pages\/96\/revisions\/607"}],"up":[{"embeddable":true,"href":"http:\/\/www.aaronnommaz.com\/tr\/wp-json\/wp\/v2\/pages\/39"}],"wp:attachment":[{"href":"http:\/\/www.aaronnommaz.com\/tr\/wp-json\/wp\/v2\/media?parent=96"}],"curies":[{"name":"wp","href":"https:\/\/api.w.org\/{rel}","templated":true}]}}