{"id":7,"date":"2018-02-22T14:54:34","date_gmt":"2018-02-22T11:54:34","guid":{"rendered":"http:\/\/www.aaronnommaz.com\/?page_id=7"},"modified":"2018-05-30T13:05:28","modified_gmt":"2018-05-30T10:05:28","slug":"ana-sayfa","status":"publish","type":"page","link":"http:\/\/www.aaronnommaz.com\/tr\/","title":{"rendered":"Ana sayfa"},"content":{"rendered":"<p>[vc_row][vc_column][rev_slider_vc alias=&#8221;TurkceSlider&#8221;][\/vc_column][\/vc_row][vc_row][vc_column]\t\t<div class=\"row js--masonry\">\n\t\t\t<div class=\"col-sm-12 col-xs-12 col-md-6 col-xl-4 col-xxl-3 col-xxxl-3 animate-on-screen js--animate-on-screen\"  style=\"padding-left: px!important; padding-right: px!important\" >\n\t\t\t<article id=\"post-388\" class=\"post-masonry post-layout-blocks grid-height __image post-388 post type-post status-publish format-image has-post-thumbnail hentry category-roportajlar tag-dona-gracia tag-mulakat post_format-post-format-image\"  style=\"padding-left: px!important; padding-right: px!important\" >\n\t\t\t\n<div class=\"post-masonry_img-w\"><a href=\"http:\/\/www.aaronnommaz.com\/tr\/dona-gracia-mulakat\/\" rel=\"bookmark\" class=\"post-masonry_img\" style=\"background-image:url(http:\/\/www.aaronnommaz.com\/wp-content\/uploads\/2018\/05\/dona-g-face-cover-wip-1-510x340.jpg)\"><\/a><\/div>\n<a href=\"http:\/\/www.aaronnommaz.com\/tr\/dona-gracia-mulakat\/\" class=\"post-grid_img_overlay_helper\">\n<\/a>\n<div class=\"post-grid_img_content_helper\">\n\t<div class=\"post-masonry_desc-w  post-masonry_desc-w_blocks\">\n\t\t<div class=\"post-masonry_cat_helper\">\n\t\t\t\t<div class=\"post-masonry_cat post_cat_h\">\n\t\t<a href=\"http:\/\/www.aaronnommaz.com\/tr\/category\/roportajlar\/\" rel=\"category tag\">R\u00f6portajlar<\/a>\t<\/div>\n\t\t<\/div>\n\t\t<div class=\"post-masonry_h_helper\">\n\t\t\t<header><h3 class=\"post-masonry_h\"><a href=\"http:\/\/www.aaronnommaz.com\/tr\/dona-gracia-mulakat\/\" class=\"post-grid_lk\" rel=\"bookmark\">Aaron Nommaz 16.yy D\u00fcnyas\u0131n\u0131n en \u00e7ok merak edilen sorular\u0131n\u0131 cevapl\u0131yor..<\/a><\/h3><\/header>\n\t\t<\/div>\n\t<\/div>\n<\/div>\n<div class=\"post-masonry_top_part\">\n\t<div class=\"row\">\n\t\t<div class=\"col-xs-12\">\n\t\t\t<span class=\"post-masonry_author\">Editor<\/span>\n\t\t\t<span class=\"post-masonry_date\">on <time datetime=\"2018-05-28T16:45:43+03:00\">28 May\u0131s 2018<\/time><\/span>\n\t\t<\/div>\n\t<\/div>\n<\/div>\t\t<\/article>\n\n\t<\/div>\n\t<div class=\"col-sm-12 col-xs-12 col-md-6 col-xl-4 col-xxl-3 col-xxxl-3 animate-on-screen js--animate-on-screen\"  style=\"padding-left: px!important; padding-right: px!important\" >\n\t\t\t<article id=\"post-555\" class=\"post-masonry post-layout-blocks grid-height __standard post-555 post type-post status-publish format-standard has-post-thumbnail hentry category-basinda category-roportajlar\"  style=\"padding-left: px!important; padding-right: px!important\" >\n\t\t\t\n<a href=\"http:\/\/www.aaronnommaz.com\/tr\/yeni-safak\/\" title=\"Yeni \u015eafak R\u00f6portaj\u0131\" class=\"post-masonry_img-lk\">\n\t\t\t\t<img width=\"510\" height=\"340\" src=\"http:\/\/www.aaronnommaz.com\/wp-content\/uploads\/2018\/05\/ottomanMercy-510x340.jpg\" class=\"post-masonry_img wp-post-image\" alt=\"\" decoding=\"async\" loading=\"lazy\" title=\"Yeni \u015eafak R\u00f6portaj\u0131\" srcset=\"http:\/\/www.aaronnommaz.com\/wp-content\/uploads\/2018\/05\/ottomanMercy-510x340.jpg 510w, http:\/\/www.aaronnommaz.com\/wp-content\/uploads\/2018\/05\/ottomanMercy-900x600.jpg 900w\" sizes=\"(max-width: 510px) 100vw, 510px\" \/>\t\t\t<\/a>\n<div class=\"post-masonry_desc-w\">\n\t\t<div class=\"post-masonry_cat post_cat_h\">\n\t\t<a href=\"http:\/\/www.aaronnommaz.com\/tr\/category\/basinda\/\" rel=\"category tag\">Bas\u0131nda<\/a>, <a href=\"http:\/\/www.aaronnommaz.com\/tr\/category\/roportajlar\/\" rel=\"category tag\">R\u00f6portajlar<\/a>\t<\/div>\n\n\t<header><h2 class=\"post-masonry_h\"><a href=\"http:\/\/www.aaronnommaz.com\/tr\/yeni-safak\/\" class=\"post-grid_lk\" rel=\"bookmark\">Yeni \u015eafak R\u00f6portaj\u0131<\/a><\/h2><\/header>\n\n\n\t<div class=\"post-masonry_desc\">\n\t\t<p>Portekizli yazar Osmanl\u0131&#8217;n\u0131n merhametini anlat\u0131yor Portekiz&#8217;in \u0130stanbul Fahri Konsolosu Aaron Nommaz, d\u00fcnyan\u0131n pek \u00e7ok yerinde g\u00f6rd\u00fckleri zul\u00fcmlerden ka\u00e7arak Osmanl\u0131 topraklar\u0131na s\u0131\u011f\u0131nan Yahudilerin ya\u015fad\u0131klar\u0131n\u0131, yazd\u0131\u011f\u0131 iki kitapta anlatt\u0131. Nommaz, &#8220;Her yerde&#8230;<\/p>\n\t<\/div>\n\n<\/div>\n<div class=\"post-masonry_top_part bottom_posts_expanded\">\n\t<div class=\"row\">\n\t\t\t\t\t<div class=\"col-xs-12\">\n\t\t\t\t<span class=\"post-masonry_author\">admin<\/span>\n\t\t\t\t<span class=\"post-masonry_date\">on <time datetime=\"2018-05-28T14:50:20+03:00\">28 May\u0131s 2018<\/time><\/span>\n\t\t\t<\/div>\n\t\t\t<\/div>\n<\/div>\n\n\t\t\t<\/article>\n\n\t<\/div>\n\t<div class=\"col-sm-12 col-xs-12 col-md-6 col-xl-4 col-xxl-3 col-xxxl-3 animate-on-screen js--animate-on-screen\"  style=\"padding-left: px!important; padding-right: px!important\" >\n\t\t\t<article id=\"post-537\" class=\"post-masonry post-layout-blocks grid-height __standard post-537 post type-post status-publish format-standard has-post-thumbnail hentry category-dona-gracia category-roportajlar\"  style=\"padding-left: px!important; padding-right: px!important\" >\n\t\t\t\n<a href=\"http:\/\/www.aaronnommaz.com\/tr\/salom-isil-dona-gracia\/\" title=\"I\u015f\u0131l Amanoel \/ \u015ealom Gazetesi &#8211; Dona Gracia R\u00f6portaj\u0131\" class=\"post-masonry_img-lk\">\n\t\t\t\t<img width=\"510\" height=\"340\" src=\"http:\/\/www.aaronnommaz.com\/wp-content\/uploads\/2018\/04\/11082016gDEJH77Q0sAZp9Vc-510x340.jpeg\" class=\"post-masonry_img wp-post-image\" alt=\"\" decoding=\"async\" loading=\"lazy\" title=\"I\u015f\u0131l Amanoel \/ \u015ealom Gazetesi &#8211; Dona Gracia R\u00f6portaj\u0131\" \/>\t\t\t<\/a>\n<div class=\"post-masonry_desc-w\">\n\t\t<div class=\"post-masonry_cat post_cat_h\">\n\t\t<a href=\"http:\/\/www.aaronnommaz.com\/tr\/category\/dona-gracia\/\" rel=\"category tag\">Dona Gracia<\/a>, <a href=\"http:\/\/www.aaronnommaz.com\/tr\/category\/roportajlar\/\" rel=\"category tag\">R\u00f6portajlar<\/a>\t<\/div>\n\n\t<header><h2 class=\"post-masonry_h\"><a href=\"http:\/\/www.aaronnommaz.com\/tr\/salom-isil-dona-gracia\/\" class=\"post-grid_lk\" rel=\"bookmark\">I\u015f\u0131l Amanoel \/ \u015ealom Gazetesi &#8211; Dona Gracia R\u00f6portaj\u0131<\/a><\/h2><\/header>\n\n\n\t<div class=\"post-masonry_desc\">\n\t\t<p>\u201cBizim kendi tarihimizi yazma g\u00f6revimiz var\u201d Aaron Nommaz, Sefarad Musevilerinin anas\u0131 Dona Gracia Mendes\u2019in an\u0131s\u0131na yazd\u0131\u011f\u0131 roman\u0131 \u2018Kanuni\u2019nin Yahudi Bankeri Dona Gracia\u2019 ile insanl\u0131k tarihinin en h\u00fcmanist ve fedak\u00e2r insanlar\u0131ndan&#8230;<\/p>\n\t<\/div>\n\n<\/div>\n<div class=\"post-masonry_top_part bottom_posts_expanded\">\n\t<div class=\"row\">\n\t\t\t\t\t<div class=\"col-xs-12\">\n\t\t\t\t<span class=\"post-masonry_author\">admin<\/span>\n\t\t\t\t<span class=\"post-masonry_date\">on <time datetime=\"2018-05-28T14:32:45+03:00\">28 May\u0131s 2018<\/time><\/span>\n\t\t\t<\/div>\n\t\t\t<\/div>\n<\/div>\n\n\t\t\t<\/article>\n\n\t<\/div>\n\t<div class=\"col-sm-12 col-xs-12 col-md-6 col-xl-4 col-xxl-3 col-xxxl-3 animate-on-screen js--animate-on-screen\"  style=\"padding-left: px!important; padding-right: px!important\" >\n\t\t\t<article id=\"post-533\" class=\"post-masonry post-layout-blocks grid-height __standard post-533 post type-post status-publish format-standard has-post-thumbnail hentry category-dona-gracia category-roportajlar\"  style=\"padding-left: px!important; padding-right: px!important\" >\n\t\t\t\n<a href=\"http:\/\/www.aaronnommaz.com\/tr\/hurriyet-kelebek-dona-gracia\/\" title=\"H\u00fcrriyet Kelebek &#8211; Dona Gracia R\u00f6portaj\u0131\" class=\"post-masonry_img-lk\">\n\t\t\t\t<img width=\"510\" height=\"340\" src=\"http:\/\/www.aaronnommaz.com\/wp-content\/uploads\/2018\/04\/57d3d6da18c77322dc0901a5-510x340.jpg\" class=\"post-masonry_img wp-post-image\" alt=\"\" decoding=\"async\" loading=\"lazy\" title=\"H\u00fcrriyet Kelebek &#8211; Dona Gracia R\u00f6portaj\u0131\" \/>\t\t\t<\/a>\n<div class=\"post-masonry_desc-w\">\n\t\t<div class=\"post-masonry_cat post_cat_h\">\n\t\t<a href=\"http:\/\/www.aaronnommaz.com\/tr\/category\/dona-gracia\/\" rel=\"category tag\">Dona Gracia<\/a>, <a href=\"http:\/\/www.aaronnommaz.com\/tr\/category\/roportajlar\/\" rel=\"category tag\">R\u00f6portajlar<\/a>\t<\/div>\n\n\t<header><h2 class=\"post-masonry_h\"><a href=\"http:\/\/www.aaronnommaz.com\/tr\/hurriyet-kelebek-dona-gracia\/\" class=\"post-grid_lk\" rel=\"bookmark\">H\u00fcrriyet Kelebek &#8211; Dona Gracia R\u00f6portaj\u0131<\/a><\/h2><\/header>\n\n\n\t<div class=\"post-masonry_desc\">\n\t\t<p>Kanuni\u2019nin Yahudi bankeri, yetenekli Dona Gracia\u2019n\u0131n gizemli hik\u00e2yesi Diplomasi ve i\u015f d\u00fcnyas\u0131n\u0131n tan\u0131nm\u0131\u015f isimlerinden, m\u00fchendis Aaron Nommaz, Osmanl\u0131\u2019yla yak\u0131n ili\u015fkiler kurmu\u015f, Yahudiler i\u00e7in kahraman mertebesinde bir tarihi fig\u00fcr olan Dona&#8230;<\/p>\n\t<\/div>\n\n<\/div>\n<div class=\"post-masonry_top_part bottom_posts_expanded\">\n\t<div class=\"row\">\n\t\t\t\t\t<div class=\"col-xs-12\">\n\t\t\t\t<span class=\"post-masonry_author\">admin<\/span>\n\t\t\t\t<span class=\"post-masonry_date\">on <time datetime=\"2018-05-28T14:31:26+03:00\">28 May\u0131s 2018<\/time><\/span>\n\t\t\t<\/div>\n\t\t\t<\/div>\n<\/div>\n\n\t\t\t<\/article>\n\n\t<\/div>\n\t<div class=\"col-sm-12 col-xs-12 col-md-6 col-xl-4 col-xxl-3 col-xxxl-3 animate-on-screen js--animate-on-screen\"  style=\"padding-left: px!important; padding-right: px!important\" >\n\t\t\t<article id=\"post-529\" class=\"post-masonry post-layout-blocks grid-height __standard post-529 post type-post status-publish format-standard has-post-thumbnail hentry category-jozef-nasi category-roportajlar\"  style=\"padding-left: px!important; padding-right: px!important\" >\n\t\t\t\n<a href=\"http:\/\/www.aaronnommaz.com\/tr\/salom-isil-jozef-nasi\/\" title=\"I\u015f\u0131l Amanoel \/ \u015ealom Gazetesi &#8211; Jozef Nasi R\u00f6portaj\u0131\" class=\"post-masonry_img-lk\">\n\t\t\t\t<img width=\"510\" height=\"340\" src=\"http:\/\/www.aaronnommaz.com\/wp-content\/uploads\/2018\/05\/selim-scene-finished-510x340.jpg\" class=\"post-masonry_img wp-post-image\" alt=\"\" decoding=\"async\" loading=\"lazy\" title=\"I\u015f\u0131l Amanoel \/ \u015ealom Gazetesi &#8211; Jozef Nasi R\u00f6portaj\u0131\" \/>\t\t\t<\/a>\n<div class=\"post-masonry_desc-w\">\n\t\t<div class=\"post-masonry_cat post_cat_h\">\n\t\t<a href=\"http:\/\/www.aaronnommaz.com\/tr\/category\/jozef-nasi\/\" rel=\"category tag\">Jozef Nasi<\/a>, <a href=\"http:\/\/www.aaronnommaz.com\/tr\/category\/roportajlar\/\" rel=\"category tag\">R\u00f6portajlar<\/a>\t<\/div>\n\n\t<header><h2 class=\"post-masonry_h\"><a href=\"http:\/\/www.aaronnommaz.com\/tr\/salom-isil-jozef-nasi\/\" class=\"post-grid_lk\" rel=\"bookmark\">I\u015f\u0131l Amanoel \/ \u015ealom Gazetesi &#8211; Jozef Nasi R\u00f6portaj\u0131<\/a><\/h2><\/header>\n\n\n\t<div class=\"post-masonry_desc\">\n\t\t<p>Aaron Nommaz, Sefarad \u00a0Musevilerinin \u00f6nderi Jozef Nasi\u2019nin an\u0131s\u0131na yazd\u0131\u011f\u0131 roman\u0131 \u2018Yahudi Casus- Jozef Nasi \u2019 ile insanl\u0131k tarihinin en h\u00fcmanist ve fedakar insanlar\u0131ndan biri olan Jozef Nasi \u00a0i\u00e7in tarihe ve&#8230;<\/p>\n\t<\/div>\n\n<\/div>\n<div class=\"post-masonry_top_part bottom_posts_expanded\">\n\t<div class=\"row\">\n\t\t\t\t\t<div class=\"col-xs-12\">\n\t\t\t\t<span class=\"post-masonry_author\">admin<\/span>\n\t\t\t\t<span class=\"post-masonry_date\">on <time datetime=\"2018-05-28T14:29:15+03:00\">28 May\u0131s 2018<\/time><\/span>\n\t\t\t<\/div>\n\t\t\t<\/div>\n<\/div>\n\n\t\t\t<\/article>\n\n\t<\/div>\n\t<div class=\"col-sm-12 col-xs-12 col-md-6 col-xl-4 col-xxl-3 col-xxxl-3 animate-on-screen js--animate-on-screen\"  style=\"padding-left: px!important; padding-right: px!important\" >\n\t\t\t<article id=\"post-524\" class=\"post-masonry post-layout-blocks grid-height __standard post-524 post type-post status-publish format-standard has-post-thumbnail hentry category-dona-gracia category-roportajlar\"  style=\"padding-left: px!important; padding-right: px!important\" >\n\t\t\t\n<a href=\"http:\/\/www.aaronnommaz.com\/tr\/ntv-dona-gracia-roportaji\/\" title=\"NTV &#8211; Dona Gracia R\u00f6portaj\u0131\" class=\"post-masonry_img-lk\">\n\t\t\t\t<img width=\"510\" height=\"340\" src=\"http:\/\/www.aaronnommaz.com\/wp-content\/uploads\/2018\/05\/canal602-510x340.jpg\" class=\"post-masonry_img wp-post-image\" alt=\"\" decoding=\"async\" loading=\"lazy\" title=\"NTV &#8211; Dona Gracia R\u00f6portaj\u0131\" srcset=\"http:\/\/www.aaronnommaz.com\/wp-content\/uploads\/2018\/05\/canal602-510x340.jpg 510w, http:\/\/www.aaronnommaz.com\/wp-content\/uploads\/2018\/05\/canal602-900x600.jpg 900w\" sizes=\"(max-width: 510px) 100vw, 510px\" \/>\t\t\t<\/a>\n<div class=\"post-masonry_desc-w\">\n\t\t<div class=\"post-masonry_cat post_cat_h\">\n\t\t<a href=\"http:\/\/www.aaronnommaz.com\/tr\/category\/dona-gracia\/\" rel=\"category tag\">Dona Gracia<\/a>, <a href=\"http:\/\/www.aaronnommaz.com\/tr\/category\/roportajlar\/\" rel=\"category tag\">R\u00f6portajlar<\/a>\t<\/div>\n\n\t<header><h2 class=\"post-masonry_h\"><a href=\"http:\/\/www.aaronnommaz.com\/tr\/ntv-dona-gracia-roportaji\/\" class=\"post-grid_lk\" rel=\"bookmark\">NTV &#8211; Dona Gracia R\u00f6portaj\u0131<\/a><\/h2><\/header>\n\n\n\t<div class=\"post-masonry_desc\">\n\t\t<p>Portekiz&#8217;in \u0130stanbul Fahri Konsolosu Aaron Nommaz, d\u00fcnyan\u0131n pek \u00e7ok yerinde g\u00f6rd\u00fckleri zul\u00fcmlerden ka\u00e7arak Osmanl\u0131 topraklar\u0131na s\u0131\u011f\u0131nan Yahudilerin ya\u015fad\u0131klar\u0131n\u0131, yazd\u0131\u011f\u0131 iki kitapta anlatt\u0131. Osmanl\u0131 Devleti&#8217;nin atalar\u0131na 500 y\u0131l \u00f6nce yapt\u0131\u011f\u0131 iyili\u011fi&#8230;<\/p>\n\t<\/div>\n\n<\/div>\n<div class=\"post-masonry_top_part bottom_posts_expanded\">\n\t<div class=\"row\">\n\t\t\t\t\t<div class=\"col-xs-12\">\n\t\t\t\t<span class=\"post-masonry_author\">admin<\/span>\n\t\t\t\t<span class=\"post-masonry_date\">on <time datetime=\"2018-05-28T14:25:15+03:00\">28 May\u0131s 2018<\/time><\/span>\n\t\t\t<\/div>\n\t\t\t<\/div>\n<\/div>\n\n\t\t\t<\/article>\n\n\t<\/div>\n\t<div class=\"col-sm-12 col-xs-12 col-md-6 col-xl-4 col-xxl-3 col-xxxl-3 animate-on-screen js--animate-on-screen\"  style=\"padding-left: px!important; padding-right: px!important\" >\n\t\t\t<article id=\"post-521\" class=\"post-masonry post-layout-blocks grid-height __standard post-521 post type-post status-publish format-standard has-post-thumbnail hentry category-dona-gracia category-roportajlar\"  style=\"padding-left: px!important; padding-right: px!important\" >\n\t\t\t\n<a href=\"http:\/\/www.aaronnommaz.com\/tr\/ajans-dergisi\/\" title=\"Ajans Dergisi\" class=\"post-masonry_img-lk\">\n\t\t\t\t<img width=\"510\" height=\"340\" src=\"http:\/\/www.aaronnommaz.com\/wp-content\/uploads\/2018\/05\/madalyon-510x340.jpg\" class=\"post-masonry_img wp-post-image\" alt=\"\" decoding=\"async\" loading=\"lazy\" title=\"Ajans Dergisi\" srcset=\"http:\/\/www.aaronnommaz.com\/wp-content\/uploads\/2018\/05\/madalyon-510x340.jpg 510w, http:\/\/www.aaronnommaz.com\/wp-content\/uploads\/2018\/05\/madalyon-900x600.jpg 900w\" sizes=\"(max-width: 510px) 100vw, 510px\" \/>\t\t\t<\/a>\n<div class=\"post-masonry_desc-w\">\n\t\t<div class=\"post-masonry_cat post_cat_h\">\n\t\t<a href=\"http:\/\/www.aaronnommaz.com\/tr\/category\/dona-gracia\/\" rel=\"category tag\">Dona Gracia<\/a>, <a href=\"http:\/\/www.aaronnommaz.com\/tr\/category\/roportajlar\/\" rel=\"category tag\">R\u00f6portajlar<\/a>\t<\/div>\n\n\t<header><h2 class=\"post-masonry_h\"><a href=\"http:\/\/www.aaronnommaz.com\/tr\/ajans-dergisi\/\" class=\"post-grid_lk\" rel=\"bookmark\">Ajans Dergisi<\/a><\/h2><\/header>\n\n\n\t<div class=\"post-masonry_desc\">\n\t\t<p>\u2022 Bize kendinizden bahseder misiniz? Aaron Nommaz kimdir? \u201cKanuni\u2019nin Yahudi Bankeri \u2013 Dona Gracia\u201dya kadar neler yapt\u0131n\u0131z? Portekiz k\u00f6kenli Safarad bir aileden gelen 1945 \u0130zmir do\u011fumlu Aaron Nommaz; Hugin Yaz\u0131l\u0131m&#8230;<\/p>\n\t<\/div>\n\n<\/div>\n<div class=\"post-masonry_top_part bottom_posts_expanded\">\n\t<div class=\"row\">\n\t\t\t\t\t<div class=\"col-xs-12\">\n\t\t\t\t<span class=\"post-masonry_author\">admin<\/span>\n\t\t\t\t<span class=\"post-masonry_date\">on <time datetime=\"2018-05-28T14:22:19+03:00\">28 May\u0131s 2018<\/time><\/span>\n\t\t\t<\/div>\n\t\t\t<\/div>\n<\/div>\n\n\t\t\t<\/article>\n\n\t<\/div>\n\t<div class=\"col-sm-12 col-xs-12 col-md-6 col-xl-4 col-xxl-3 col-xxxl-3 animate-on-screen js--animate-on-screen\"  style=\"padding-left: px!important; padding-right: px!important\" >\n\t\t\t<article id=\"post-496\" class=\"post-masonry post-layout-blocks grid-height __video post-496 post type-post status-publish format-video hentry category-dona-gracia post_format-post-format-video\"  style=\"padding-left: px!important; padding-right: px!important\" >\n\t\t\t\n\n<div class=\"post-video\"><iframe width=\"500\" height=\"281\" src=\"https:\/\/www.youtube.com\/embed\/IXdT1XRoJ-w?feature=oembed\" frameborder=\"0\" allow=\"autoplay; encrypted-media\" allowfullscreen><\/iframe><\/div>\n<div class=\"post-masonry_desc-w\">\n\n\t\t<div class=\"post-masonry_cat post_cat_h\">\n\t\t<a href=\"http:\/\/www.aaronnommaz.com\/tr\/category\/dona-gracia\/\" rel=\"category tag\">Dona Gracia<\/a>\t<\/div>\n\n\t<header><h2 class=\"post-masonry_h\"><a href=\"http:\/\/www.aaronnommaz.com\/tr\/kanuninin-yahudi-bankeri-dona-gracia\/\" class=\"post-grid_lk\" rel=\"bookmark\">Kanuni&#8217;nin Yahudi Bankeri Dona Gracia<\/a><\/h2><\/header>\n\n\n\t<div class=\"post-masonry_desc\">\n\t\t<p>Kanuni&#8217;nin Yahudi Bankeri Dona Gracia<\/p>\n\t<\/div>\n\n<\/div>\n\n<div class=\"post-masonry_top_part\">\n\t<div class=\"row\">\n\t\t<div class=\"col-xs-12\">\n\t\t\t<span class=\"post-masonry_author\">admin<\/span>\n\t\t\t<span class=\"post-masonry_date\">on <time datetime=\"2018-05-28T13:55:25+03:00\">28 May\u0131s 2018<\/time><\/span>\n\t\t<\/div>\n\t<\/div>\n<\/div>\n\t\t<\/article>\n\n\t<\/div>\n\t\t<\/div>\n\t\t[\/vc_column][\/vc_row]<\/p>\n","protected":false},"excerpt":{"rendered":"<p>[vc_row][vc_column][rev_slider_vc alias=&#8221;TurkceSlider&#8221;][\/vc_column][\/vc_row][vc_row][vc_column][\/vc_column][\/vc_row]<\/p>\n","protected":false},"author":1,"featured_media":0,"parent":0,"menu_order":0,"comment_status":"closed","ping_status":"closed","template":"","meta":[],"_links":{"self":[{"href":"http:\/\/www.aaronnommaz.com\/tr\/wp-json\/wp\/v2\/pages\/7"}],"collection":[{"href":"http:\/\/www.aaronnommaz.com\/tr\/wp-json\/wp\/v2\/pages"}],"about":[{"href":"http:\/\/www.aaronnommaz.com\/tr\/wp-json\/wp\/v2\/types\/page"}],"author":[{"embeddable":true,"href":"http:\/\/www.aaronnommaz.com\/tr\/wp-json\/wp\/v2\/users\/1"}],"replies":[{"embeddable":true,"href":"http:\/\/www.aaronnommaz.com\/tr\/wp-json\/wp\/v2\/comments?post=7"}],"version-history":[{"count":56,"href":"http:\/\/www.aaronnommaz.com\/tr\/wp-json\/wp\/v2\/pages\/7\/revisions"}],"predecessor-version":[{"id":704,"href":"http:\/\/www.aaronnommaz.com\/tr\/wp-json\/wp\/v2\/pages\/7\/revisions\/704"}],"wp:attachment":[{"href":"http:\/\/www.aaronnommaz.com\/tr\/wp-json\/wp\/v2\/media?parent=7"}],"curies":[{"name":"wp","href":"https:\/\/api.w.org\/{rel}","templated":true}]}}