{"id":271,"date":"2017-07-22T11:44:16","date_gmt":"2017-07-22T11:44:16","guid":{"rendered":"http:\/\/thewriter.themes.tvda.pw\/?page_id=236"},"modified":"2018-05-28T14:19:58","modified_gmt":"2018-05-28T11:19:58","slug":"yazar-hakkinda","status":"publish","type":"page","link":"http:\/\/www.aaronnommaz.com\/tr\/yazar-hakkinda\/","title":{"rendered":"Yazar Hakk\u0131nda"},"content":{"rendered":"<p>[vc_row gap=&#8221;30&#8243; content_placement=&#8221;middle&#8221;][vc_column css=&#8221;.vc_custom_1527505519202{margin-top: 35px !important;}&#8221;][vc_column_text]<\/p>\n<h1 style=\"margin: 0;\">Aaron Nommaz<\/h1>\n<h4 style=\"color: #e61638; margin: 0;\">Yazar, M\u00fchendis<\/h4>\n<p>[\/vc_column_text][vc_column_text]<\/p>\n<h2 style=\"color: #909aae; margin: 0; font-weight: 400; line-height: 1.3;\">Portekiz k\u00f6kenli Safarad bir aileden 1945 \u0130zmir do\u011fumlu. E\u015fi Adel ve o\u011flu Vedat. 1954 te \u0130stanbul\u2019a yerle\u015fti ve 1963 te yurtd\u0131\u015f\u0131na e\u011fitime gitti<\/h2>\n<p>[\/vc_column_text][vc_column_text]<strong><img decoding=\"async\" loading=\"lazy\" class=\"alignleft wp-image-58\" src=\"http:\/\/www.aaronnommaz.com\/wp-content\/uploads\/2018\/04\/ALS5646-340x510.jpg\" alt=\"\" width=\"275\" height=\"413\" srcset=\"http:\/\/www.aaronnommaz.com\/wp-content\/uploads\/2018\/04\/ALS5646-340x510.jpg 340w, http:\/\/www.aaronnommaz.com\/wp-content\/uploads\/2018\/04\/ALS5646-768x1152.jpg 768w, http:\/\/www.aaronnommaz.com\/wp-content\/uploads\/2018\/04\/ALS5646-600x900.jpg 600w\" sizes=\"(max-width: 275px) 100vw, 275px\" \/>E\u011fitim:<\/strong><\/p>\n<p>Lise: St. Benoit, \u0130stanbul<br \/>\nPre-university schooling:<br \/>\nNormanton School, Derbyshire;<br \/>\nEdgebaston School, Birmingham;<br \/>\nConcord College, Kent, Tunbridgewells (\u0130nglitere)<br \/>\nUniversities:<br \/>\nSussex University, Brighton B SC. (Hons) 1959<br \/>\nUC Berkeley MSEE 1971<br \/>\nAskerlik : Malatya \u0130kmal Bak\u0131m Merkezi, As. Te\u011fmen<\/p>\n<p><strong>\u0130\u015f hayat\u0131:<\/strong><\/p>\n<p>1973 te \u0130mper Elektrik San. Ve Tic. A\u015e kurucusu olarak 2007 ye kadar Schaub Lorenz televizyon \u00fcretimi 2007 de Hugin Yaz\u0131l\u0131m Teknolojileri A\u015e kurucusu ve orta\u011f\u0131. \u00d6deme sistemleri i\u00e7in cihaz imalat\u0131 ve yaz\u0131l\u0131mlar\u0131 ile G\u0130B, PCI, EMV kurallar\u0131na uygun \u00fcretim ve da\u011f\u0131t\u0131m, Verifone USA \u015firketiyle m\u00fc\u015fterek \u00fcr\u00fcn geli\u015ftirme ve da\u011f\u0131t\u0131m Hugin Pazarlama A\u015e kurucu orta\u011f\u0131<\/p>\n<p><strong>Sosyal aktiviteler:<\/strong><\/p>\n<p>Portekiz F. Konsolosu (1995- )<br \/>\nICC (Istanbul Consular Corp) \u00fcyeli\u011fi<br \/>\nVeritas, Consular Wine Club \u00fcyeli\u011fi<br \/>\nDEIK (D\u0131\u015f Ekonomik \u0130li\u015fkiler Kurumu) T\u00fcrkiye Portekiz \u0130\u015f Konsey Ba\u015fkanl\u0131\u011f\u0131<br \/>\nDEIK (D\u0131\u015f Ekonomik \u0130li\u015fkiler Kurumu) Avrupa \u0130\u015f Konsey \u00dcyeli\u011fi<br \/>\nWPO (World President Organazation) \u0130stanbul ba\u015fkanl\u0131\u011f\u0131<br \/>\nYPO (Young President Organization) Avrupa Forum ba\u015fkanl\u0131\u011f\u0131 ve \u0130stanbul Ba\u015fkanl\u0131\u011f\u0131<br \/>\nEC\u0130D ( T\u00fcrkiye Elektronik Cihaz \u0130malat\u00e7\u0131lar derne\u011fi) Y\u00f6n. Krl. \u00dcyeli\u011fi<br \/>\n500. Y\u0131l Vak\u0131f kurucu \u00fcyeli\u011fi<br \/>\nY\u0131ld\u0131r\u0131m Spor Kl\u00fcb\u00fc Y\u00f6n. Krl. \u00dcyeli\u011fi<br \/>\nAnadolu Kul\u00fcb\u00fc \u0130stanbul \u00fcyeli\u011fi<\/p>\n<p><strong>Yazar faaliyeti:<\/strong><\/p>\n<p>\u201cKanuni\u2019nin Yahudi Bankeri \u2013Dona Gracia\u201d ve \u201cYahudi Banker- Jozef Nasi\u201d tarihi romanlar\u0131n\u0131n yazar\u0131. Yak\u0131nda \u00e7\u0131kacak kitaplar\u0131: Jozef Nasi Osmanl\u0131\u2019da, Struma, Struma sonras\u0131, Mendes Bankerlerinin R\u00f6nesans tarihi i\u00e7indeki yeri, Dona Gracia\u2019n\u0131n Amerika i\u00e7in haz\u0131rlanan \u0130ngilizce bask\u0131s\u0131, Dona Gracia\u2019n\u0131n Meksika i\u00e7in haz\u0131rlanan \u0130spanyolca bask\u0131s\u0131.[\/vc_column_text][vc_separator color=&#8221;custom&#8221; align=&#8221;align_left&#8221; border_width=&#8221;2&#8243; el_width=&#8221;30&#8243; accent_color=&#8221;#e61638&#8243;][\/vc_column][\/vc_row]<\/p>\n","protected":false},"excerpt":{"rendered":"<p>[vc_row gap=&#8221;30&#8243; content_placement=&#8221;middle&#8221;][vc_column css=&#8221;.vc_custom_1527505519202{margin-top: 35px !important;}&#8221;][vc_column_text] Aaron Nommaz Yazar, M\u00fchendis [\/vc_column_text][vc_column_text] Portekiz k\u00f6kenli Safarad bir aileden 1945 \u0130zmir do\u011fumlu. E\u015fi Adel ve o\u011flu Vedat. 1954 te \u0130stanbul\u2019a yerle\u015fti ve 1963&#8230;<\/p>\n","protected":false},"author":1,"featured_media":0,"parent":0,"menu_order":0,"comment_status":"closed","ping_status":"closed","template":"","meta":[],"_links":{"self":[{"href":"http:\/\/www.aaronnommaz.com\/tr\/wp-json\/wp\/v2\/pages\/271"}],"collection":[{"href":"http:\/\/www.aaronnommaz.com\/tr\/wp-json\/wp\/v2\/pages"}],"about":[{"href":"http:\/\/www.aaronnommaz.com\/tr\/wp-json\/wp\/v2\/types\/page"}],"author":[{"embeddable":true,"href":"http:\/\/www.aaronnommaz.com\/tr\/wp-json\/wp\/v2\/users\/1"}],"replies":[{"embeddable":true,"href":"http:\/\/www.aaronnommaz.com\/tr\/wp-json\/wp\/v2\/comments?post=271"}],"version-history":[{"count":15,"href":"http:\/\/www.aaronnommaz.com\/tr\/wp-json\/wp\/v2\/pages\/271\/revisions"}],"predecessor-version":[{"id":519,"href":"http:\/\/www.aaronnommaz.com\/tr\/wp-json\/wp\/v2\/pages\/271\/revisions\/519"}],"wp:attachment":[{"href":"http:\/\/www.aaronnommaz.com\/tr\/wp-json\/wp\/v2\/media?parent=271"}],"curies":[{"name":"wp","href":"https:\/\/api.w.org\/{rel}","templated":true}]}}